{"id":5011,"date":"2013-12-03T06:16:44","date_gmt":"2013-12-03T06:16:44","guid":{"rendered":"https:\/\/www.ervakum.com\/iletisim\/"},"modified":"2026-01-12T12:04:49","modified_gmt":"2026-01-12T12:04:49","slug":"contact","status":"publish","type":"page","link":"https:\/\/www.ervakum.com\/en\/contact\/","title":{"rendered":"Contact"},"content":{"rendered":"<div class=\"wpb-content-wrapper\">[vc_row][vc_column][\/vc_column][\/vc_row][vc_row column_spacing=&#8221;40&#8243; center_row=&#8221;yes&#8221; bg_style=&#8221;stretch&#8221; border_style=&#8221;solid&#8221; padding_top=&#8221;15px&#8221; padding_bottom=&#8221;15px&#8221;][vc_column width=&#8221;1\/2&#8243;][vc_column_text]\n<h2>Address<\/h2>\n<p><strong>Head Office &#8211; Factory:<\/strong>\u00a0Dindo\u011fru Mah. Pehlivank\u00f6y Yolu \u00c7i\u0307menlidere Mevkii Bekler K\u00fcme Evleri 1.Blok No:1\/6 Babaeski \/ K\u0131rklareli<\/p>\n<h2>Phones<\/h2>\n<p>+90 288 502 19 90<br \/>\n+90 288 502 19 91<br \/>\n+90 533 065 43 97<\/p>\n<h2>E-mail<\/h2>\n<p><a href=\"mailto:info@ervakum.com\">info@ervakum.com<\/a><br \/>\n<a href=\"mailto:export@ervaplast.com\">export@ervaplast.com<\/a> (Export-\u0130hracat)<\/p>\n<h2>Working Hours<\/h2>\n<p>Hafta \u0130\u00e7i : 08:30 \u2013 18:30[\/vc_column_text][\/vc_column][vc_column width=&#8221;1\/2&#8243;][vc_gmaps link=&#8221;#E-8_JTNDaWZyYW1lJTIwc3JjJTNEJTIyaHR0cHMlM0ElMkYlMkZ3d3cuZ29vZ2xlLmNvbSUyRm1hcHMlMkZlbWJlZCUzRnBiJTNEJTIxMW0xOCUyMTFtMTIlMjExbTMlMjExZDU5ODEuNDMxMjM0NjY4NzAyJTIxMmQyNy4wMzY1NzYxNjQyNDA4MDYlMjEzZDQxLjQ0NTM5MTkwMTg5NTgyNSUyMTJtMyUyMTFmMCUyMTJmMCUyMTNmMCUyMTNtMiUyMTFpMTAyNCUyMTJpNzY4JTIxNGYxMy4xJTIxM20zJTIxMW0yJTIxMXMweDE0Y2FiMDlkOWY4YTA1NDklMjUzQTB4YmRjOTIyY2NiNWEyNWEzMiUyMTJzRXIlMjUyMFZha3VtJTI1MjBBbWJhbGFqJTIxNWUwJTIxM20yJTIxMXN0ciUyMTJzdHIlMjE0djE3NjgyMTk0NjMyNzAlMjE1bTIlMjExc3RyJTIxMnN0ciUyMiUyMHdpZHRoJTNEJTIyNjAwJTIyJTIwaGVpZ2h0JTNEJTIyNDUwJTIyJTIwc3R5bGUlM0QlMjJib3JkZXIlM0EwJTNCJTIyJTIwYWxsb3dmdWxsc2NyZWVuJTNEJTIyJTIyJTIwbG9hZGluZyUzRCUyMmxhenklMjIlMjByZWZlcnJlcnBvbGljeSUzRCUyMm5vLXJlZmVycmVyLXdoZW4tZG93bmdyYWRlJTIyJTNFJTNDJTJGaWZyYW1lJTNF&#8221; size=&#8221;400&#8243; type=&#8221;m&#8221; zoom=&#8221;14&#8243;][\/vc_column][\/vc_row]\n<\/div>","protected":false},"excerpt":{"rendered":"<p>[vc_row][vc_column][\/vc_column][\/vc_row][vc_row column_spacing=&#8221;40&#8243; center_row=&#8221;yes&#8221; bg_style=&#8221;stretch&#8221; border_style=&#8221;solid&#8221; padding_top=&#8221;15px&#8221; padding_bottom=&#8221;15px&#8221;][vc_column width=&#8221;1\/2&#8243;][vc_column_text] Address Head Office &#8211; Factory:\u00a0Dindo\u011fru Mah. Pehlivank\u00f6y Yolu \u00c7i\u0307menlidere Mevkii Bekler K\u00fcme Evleri 1.Blok No:1\/6 Babaeski \/ K\u0131rklareli Phones +90 288 502 19 90 +90 288 502 19 91 +90 533 065 43 97 E-mail info@ervakum.com export@ervaplast.com (Export-\u0130hracat) Working Hours Hafta \u0130\u00e7i : 08:30 \u2013 18:30[\/vc_column_text][\/vc_column][vc_column width=&#8221;1\/2&#8243;][vc_gmaps&hellip;<\/p>\n","protected":false},"author":1,"featured_media":0,"parent":0,"menu_order":0,"comment_status":"closed","ping_status":"closed","template":"","meta":{"footnotes":""},"class_list":["post-5011","page","type-page","status-publish","hentry","entry","no-media"],"_links":{"self":[{"href":"https:\/\/www.ervakum.com\/en\/wp-json\/wp\/v2\/pages\/5011","targetHints":{"allow":["GET"]}}],"collection":[{"href":"https:\/\/www.ervakum.com\/en\/wp-json\/wp\/v2\/pages"}],"about":[{"href":"https:\/\/www.ervakum.com\/en\/wp-json\/wp\/v2\/types\/page"}],"author":[{"embeddable":true,"href":"https:\/\/www.ervakum.com\/en\/wp-json\/wp\/v2\/users\/1"}],"replies":[{"embeddable":true,"href":"https:\/\/www.ervakum.com\/en\/wp-json\/wp\/v2\/comments?post=5011"}],"version-history":[{"count":12,"href":"https:\/\/www.ervakum.com\/en\/wp-json\/wp\/v2\/pages\/5011\/revisions"}],"predecessor-version":[{"id":5289,"href":"https:\/\/www.ervakum.com\/en\/wp-json\/wp\/v2\/pages\/5011\/revisions\/5289"}],"wp:attachment":[{"href":"https:\/\/www.ervakum.com\/en\/wp-json\/wp\/v2\/media?parent=5011"}],"curies":[{"name":"wp","href":"https:\/\/api.w.org\/{rel}","templated":true}]}}