{"id":5162,"date":"2025-04-15T15:55:16","date_gmt":"2025-04-15T15:55:16","guid":{"rendered":"https:\/\/www.ervakum.com\/?page_id=5162"},"modified":"2025-04-15T15:55:16","modified_gmt":"2025-04-15T15:55:16","slug":"kvkk-aydinlatma-metni","status":"publish","type":"page","link":"https:\/\/www.ervakum.com\/en\/kvkk-aydinlatma-metni\/","title":{"rendered":"KVKK Ayd\u0131nlatma Metni"},"content":{"rendered":"<p><b>1. G\u0130R\u0130\u015e<\/b><b><\/b><\/p>\n<p>Ki\u015fisel verilerinizin g\u00fcvenli\u011fi ve\/veya korunmas\u0131 hususu Er Vakum Plastik Form Ve Ambalaj Sanayi Ticaret Limited \u015eirketi olarak \u00f6nceliklerimiz aras\u0131ndad\u0131r. Bu bilin\u00e7le, \u015eirket olarak \u00fcr\u00fcn ve hizmetlerimizden faydalanan ki\u015filer d\u00e2hil, \u015eirket ile ili\u015fkili t\u00fcm \u015fah\u0131slara ait her t\u00fcrl\u00fc ki\u015fisel verilerin 6698 say\u0131l\u0131 Ki\u015fisel Verilerin Korunmas\u0131 Kanunu\u2019na uygun olarak i\u015flenerek, muhafaza edilmesine b\u00fcy\u00fck \u00f6nem vermekteyiz. Bu do\u011frultuda, KVK Kanunu\u2019nda tan\u0131ml\u0131 \u015fekli ile \u201cVeri Sorumlusu\u201d s\u0131fat\u0131yla ve yine KVK Kanunu\u2019nun 10. Maddesi ile Ki\u015fisel Verilerin Korunmas\u0131 Kurulu\u2019nca 10 MART 2018 tarihinde 30356 say\u0131l\u0131 Resmi Gazete \u2019de yay\u0131mlanan Ayd\u0131nlatma Y\u00fck\u00fcml\u00fcl\u00fc\u011f\u00fcn\u00fcn Yerine Getirilmesinde Uyulacak Usul Ve Esaslar Hakk\u0131nda Tebli\u011f\u2019e uygun olarak, ki\u015fisel verilerin elde edilmesi s\u0131ras\u0131nda ki\u015fisel veri sahiplerini ayd\u0131nlatma g\u00f6revini yerine getirmek i\u00e7in; \u015eirketimiz taraf\u0131ndan ki\u015fisel veri sahiplerine ki\u015fisel verilerinin elde edilmesi s\u0131ras\u0131nda \u015eirketimizin kimli\u011fi, ki\u015fisel verilerin hangi ama\u00e7la i\u015flenece\u011fi, i\u015flenen ki\u015fisel verilerin kimlere ve hangi ama\u00e7la aktar\u0131labilece\u011fi, ki\u015fisel veri toplaman\u0131n y\u00f6ntemi ve hukuki sebebi ile ki\u015fisel veri sahibinin KVK Kanunu\u2019nun 11inci maddesi kapsam\u0131nda sahip oldu\u011fu haklara ili\u015fkin bu bilgilendirmeyi sunar\u0131z.\u00a0 \u0130\u015fbu Ayd\u0131nlatma Metninde ge\u00e7en \u201cbiz\u201d ve \u201cbizim\u201d gibi ifadeler, aksi a\u00e7\u0131k\u00e7a belirtilmedik\u00e7e, Er Vakum Plastik Form Ve Ambalaj Sanayi Ticaret Limited \u015eirketi\u2019ni ifade etmek i\u00e7in kullan\u0131lmaktad\u0131r.<\/p>\n<p><b>2. K\u0130\u015e\u0130SEL VER\u0130<\/b><b><\/b><\/p>\n<p><b>2.1. Ki\u015fisel Veri Tan\u0131m\u0131<\/b><b><\/b><\/p>\n<p>KVK Kanunu m.3\/I(d) \u00e7er\u00e7evesinde \u201cki\u015fisel veri\u201d, kimli\u011fi belirli veya belirlenebilir ger\u00e7ek ki\u015filere ili\u015fkin her t\u00fcrl\u00fc bilgiyi ifade eder. Bu kapsamda ki\u015fisel veri; belirli veya belirlenebilir ger\u00e7ek bir ki\u015fiye ili\u015fkin her t\u00fcrl\u00fc bilgiyi ifade etmektedir. \u00d6rnek olarak; ad\u0131n\u0131z, soyad\u0131n\u0131z, TC kimlik numaran\u0131z, adresiniz, telefon numaran\u0131z, e-posta adresiniz, do\u011fum tarihiniz, eri\u015fimde bulundu\u011funuz IP numaras\u0131, yapt\u0131\u011f\u0131n\u0131z i\u015flemlere ait bilgiler, vb. size ili\u015fkin bilgiler ki\u015fisel verilerinizdir. Ayr\u0131ca KVK Kanunu\u2019na g\u00f6re; ki\u015filerin \u0131rk\u0131, etnik k\u00f6keni, siyasi d\u00fc\u015f\u00fcncesi, felsefi inanc\u0131, dini, mezhebi veya di\u011fer inan\u00e7lar\u0131, k\u0131l\u0131k ve k\u0131yafeti, dernek, vak\u0131f, sendika, vb. \u00fcyelikleri, sa\u011fl\u0131\u011f\u0131, cinsel hayat\u0131, ceza mahk\u00fbmiyeti ve g\u00fcvenlik tedbirleriyle ilgili verileri ile genetik verileri, vb. veriler \u00f6zel nitelikli ki\u015fisel verilerdir. Bu kapsamda, anonim bilgiler, anonim hale getirilen bilgiler ve belirli bir ki\u015fi ile ili\u015fkilendirilemeyen di\u011fer veriler \u015eirketimiz\u2019 in bu konudaki Politikas\u0131 gere\u011fi ki\u015fisel veri olarak kabul edilmez.<\/p>\n<p><b>2.2. Ki\u015fisel Verilerin \u0130\u015flenmesi Kavram\u0131<\/b><b><\/b><\/p>\n<p>KVK Kanunu m.3\/I(e) \u00e7er\u00e7evesinde Ki\u015fisel verilerin i\u015flenmesi, ki\u015fisel verilerin tamamen veya k\u0131smen otomatik olan ya da herhangi bir veri kay\u0131t sisteminin par\u00e7as\u0131 olmak kayd\u0131yla otomatik olmayan yollarla elde edilmesi, kaydedilmesi, depolanmas\u0131, muhafaza edilmesi, de\u011fi\u015ftirilmesi, yeniden d\u00fczenlenmesi, a\u00e7\u0131klanmas\u0131, aktar\u0131lmas\u0131, devral\u0131nmas\u0131, elde edilebilir h\u00e2le getirilmesi, s\u0131n\u0131fland\u0131r\u0131lmas\u0131 ya da kullan\u0131lmas\u0131n\u0131n engellenmesi gibi veriler \u00fczerinde ger\u00e7ekle\u015ftirilen her t\u00fcrl\u00fc i\u015flemi ifade etmektedir.<\/p>\n<p><b>3. AYDINLATMA KAPSAMI<\/b><b><\/b><\/p>\n<p><b>3.1. Veri Sorumlusunun Kimli\u011fi<\/b><b><\/b><\/p>\n<p>KVK Kanunu\u2019na g\u00f6re, \u201cVeri Sorumlusu\u201d ki\u015fisel verilerin i\u015fleme ama\u00e7lar\u0131n\u0131 ve vas\u0131talar\u0131n\u0131 belirleyen, veri kay\u0131t sisteminin kurulmas\u0131ndan ve y\u00f6netilmesinden sorumlu olan ger\u00e7ek veya t\u00fczel ki\u015fiyi ifade etti\u011finden, KVK Kanunu uyar\u0131nca Muhatap \u201cVeri Sorumlusu\u201d olan Er Vakum Plastik Form Ve Ambalaj Sanayi Ticaret Limited \u015eirketi\u2019nin Kurumsal Kimlik Bilgileri \u015fu \u015fekildedir:<\/p>\n<table cellspacing=\"0\" cellpadding=\"0\">\n<tbody>\n<tr>\n<td valign=\"top\"><b>Unvan\u0131<\/b><b><\/b><\/td>\n<td valign=\"top\"><b>ER VAKUM PLAST\u0130K FORM VE AMBALAJ T\u0130CARET L\u0130M\u0130TED \u015e\u0130RKET\u0130<\/b><b><\/b><\/td>\n<\/tr>\n<tr>\n<td valign=\"top\">Adres<\/td>\n<td valign=\"top\">Maltepe Mah. Fatih \u015eehitleri Sk. No:6\/2 Zeytinburnu-\u0130stanbul<\/td>\n<\/tr>\n<tr>\n<td valign=\"top\">Vergi Dairesi<\/td>\n<td valign=\"top\">Davutpa\u015fa V.D.<\/td>\n<\/tr>\n<tr>\n<td valign=\"top\">Vergi Numaras\u0131<\/td>\n<td valign=\"top\">3360666827<\/td>\n<\/tr>\n<tr>\n<td valign=\"top\">Mersis No<\/td>\n<td valign=\"top\">0336066682700001<\/td>\n<\/tr>\n<tr>\n<td valign=\"top\">Telefon<\/td>\n<td valign=\"top\">+90 (212) 612 82 55 I +90 (212) 612 82 44<\/td>\n<\/tr>\n<tr>\n<td valign=\"top\">\u0130nternet Sitesi<\/td>\n<td valign=\"top\">www.ervakum.com<\/td>\n<\/tr>\n<tr>\n<td valign=\"top\">E-posta Adresi<\/td>\n<td valign=\"top\">info@ervakum.com<\/td>\n<\/tr>\n<tr>\n<td valign=\"top\">Kay\u0131tl\u0131 Elektronik Posta (KEP)<\/td>\n<td valign=\"top\">ervakumplastik@hs01.kep.tr<\/td>\n<\/tr>\n<\/tbody>\n<\/table>\n<p><b>3.2. Ki\u015fisel Verilerin Toplanmas\u0131, \u0130\u015flenmesi ve \u0130\u015fleme Ama\u00e7lar\u0131<\/b><b><\/b><\/p>\n<p>Ki\u015fisel Verileriniz, \u015eirketimiz taraf\u0131ndan verilen hizmet, \u00fcr\u00fcn ya da ticari faaliyete ba\u011fl\u0131 olarak de\u011fi\u015fkenlik g\u00f6sterebilmekle; otomatik ya da otomatik olmayan y\u00f6ntemlerle, ofisler, \u015fubeler, bayiler, \u00e7a\u011fr\u0131 merkezi, internet sitesi, sosyal medya mecralar\u0131, mobil uygulamalar ve benzeri vas\u0131talarla s\u00f6zl\u00fc, yaz\u0131l\u0131 ya da elektronik olarak toplanmaktad\u0131r\/toplanabilecektir.<\/p>\n<p>Toplanan ki\u015fisel verileriniz, \u015eirketimiz taraf\u0131ndan sunulan \u00fcr\u00fcn ve hizmetlerden sizleri faydaland\u0131rmak i\u00e7in gerekli \u00e7al\u0131\u015fmalar\u0131n i\u015f birimlerimiz taraf\u0131ndan yap\u0131lmas\u0131, \u015eirketimiz taraf\u0131ndan sunulan \u00fcr\u00fcn ve hizmetlerin sizlerin be\u011feni, kullan\u0131m al\u0131\u015fkanl\u0131klar\u0131 ve ihtiya\u00e7lar\u0131na g\u00f6re \u00f6zelle\u015ftirilerek sizlere \u00f6nerilmesi, \u015eirketimizin ve \u015eirketimizle i\u015f ili\u015fkisi i\u00e7erisinde olan ki\u015filerin hukuki ve ticari g\u00fcvenli\u011finin temini (\u015eirketimiz taraf\u0131ndan y\u00fcr\u00fct\u00fclen ileti\u015fime y\u00f6nelik idari operasyonlar, \u015eirkete ait lokasyonlar\u0131n fiziksel g\u00fcvenli\u011fini ve denetimini sa\u011flamak, i\u015f orta\u011f\u0131\/m\u00fc\u015fteri\/tedarik\u00e7i (yetkili veya \u00e7al\u0131\u015fanlar\u0131) de\u011ferlendirme s\u00fcre\u00e7leri, hukuki uyum s\u00fcreci, mali i\u015fler v.b.), \u015eirketimizin ticari ve i\u015f stratejilerinin belirlenmesi ve uygulanmas\u0131 ve \u015eirketimizin insan kaynaklar\u0131 politikalar\u0131n\u0131n y\u00fcr\u00fct\u00fclmesinin temini ama\u00e7lar\u0131yla KVK Kanunu\u2019nun 5. ve 6. maddelerinde belirtilen ki\u015fisel veri i\u015fleme \u015fartlar\u0131 ile ama\u00e7lar\u0131 d\u00e2hilinde ve y\u00fcr\u00fcrl\u00fckteki sair yasal mevzuata uygun i\u015flenmektedir\/i\u015flenecektir.<\/p>\n<p><b>3.3. \u0130\u015flenen Ki\u015fisel Verilerin Yurti\u00e7i ve\/veya Yurtd\u0131\u015f\u0131nda Kimlere ve Hangi Ama\u00e7la Aktar\u0131labilece\u011fi<\/b><b><\/b><\/p>\n<p>Toplanan ki\u015fisel verileriniz; \u015eirketimiz taraf\u0131ndan sunulan \u00fcr\u00fcn ve hizmetlerden sizleri faydaland\u0131rmak i\u00e7in gerekli \u00e7al\u0131\u015fmalar\u0131n i\u015f birimlerimiz taraf\u0131ndan yap\u0131lmas\u0131, \u015eirketimiz taraf\u0131ndan sunulan \u00fcr\u00fcn ve hizmetlerin sizlerin be\u011feni, ihtiya\u00e7lar\u0131na g\u00f6re \u00f6zelle\u015ftirilerek sizlere \u00f6nerilmesi, \u015eirketimizin ve \u015eirketimizle i\u015f ili\u015fkisi i\u00e7erisinde olan ki\u015filerin hukuki ve ticari g\u00fcvenli\u011finin temini (\u015eirketimiz taraf\u0131ndan y\u00fcr\u00fct\u00fclen ileti\u015fime y\u00f6nelik idari operasyonlar, \u015eirkete ait lokasyonlar\u0131n fiziksel g\u00fcvenli\u011fini ve denetimini sa\u011flamak, i\u015f orta\u011f\u0131\/m\u00fc\u015fteri\/tedarik\u00e7i (yetkili veya \u00e7al\u0131\u015fanlar\u0131) de\u011ferlendirme s\u00fcre\u00e7leri, hukuki uyum s\u00fcreci, mali i\u015fler v.b.), \u015eirketimizin ticari ve i\u015f stratejilerinin belirlenmesi ve uygulanmas\u0131 ile \u015eirketimizin insan kaynaklar\u0131 politikalar\u0131n\u0131n y\u00fcr\u00fct\u00fclmesinin temini ama\u00e7lar\u0131yla,<\/p>\n<p>Yasal olarak aktar\u0131lmas\u0131 gereken idari ve resmi makamlara, mevzuat\u0131n gerektirmesi ve hukuki y\u00fck\u00fcml\u00fcl\u00fc\u011f\u00fcn yerine getirilmesi i\u00e7in ilgili ki\u015fi ve kurumlara, hukuki zorunluluklar nedeniyle ve yasal s\u0131n\u0131rlamalar \u00e7er\u00e7evesinde ba\u011f\u0131ms\u0131z denetim \u015firketlerine, vergi dan\u0131\u015fmanlar\u0131na ve di\u011fer harici profesyonel dan\u0131\u015fmanlara, avukatlara, sigorta \u015firketlerine, ortaklar\u0131na, hizmet al\u0131nan veya al\u0131nacak olan yurt i\u00e7i \u2013 yurt d\u0131\u015f\u0131 \u00fc\u00e7\u00fcnc\u00fc taraflara, hissedarlar\u0131m\u0131za, i\u015f ortaklar\u0131m\u0131za, tedarik\u00e7ilerimize, kanunen yetkili kamu kurumlar\u0131 ve \u00f6zel ki\u015filere, gerek KVK Kanunu\u2019nun 8. ve 9. maddelerinde belirtilen ki\u015fisel veri i\u015fleme \u015fartlar\u0131 ve ama\u00e7lar\u0131 \u00e7er\u00e7evesinde ve gerekse de sair yasal mevzuat kapsam\u0131nda aktar\u0131lmaktad\u0131r\/aktar\u0131labilecektir.<\/p>\n<p>Toplanan Ki\u015fisel verileriniz; KVK Kurulu taraf\u0131ndan yeterli korumaya sahip oldu\u011fu ilan edilen yabanc\u0131 \u00fclkelere veya yeterli koruman\u0131n bulunmamas\u0131 durumunda T\u00fcrkiye\u2019deki ve ilgili yabanc\u0131 \u00fclkedeki veri sorumlular\u0131n\u0131n yeterli bir korumay\u0131 yaz\u0131l\u0131 olarak taahh\u00fct etti\u011fi ve KVK Kurulu\u2019nun izninin bulundu\u011fu yabanc\u0131 \u00fclkelere aktar\u0131lmaktad\u0131r \/ aktar\u0131labilecektir. \u015eirketimiz bu do\u011frultuda KVK Kanunu\u2019nun 9. maddesinde \u00f6ng\u00f6r\u00fclen d\u00fczenlemelere ve sair yasal mevzuata uygun hareket etmektedir \/ edecektir.<\/p>\n<p><b>3.4. Ki\u015fisel Veri Toplaman\u0131n Y\u00f6ntemi Ve Hukuki Sebebi<\/b><b><\/b><\/p>\n<p>Ki\u015fisel verileriniz, denetim ve dan\u0131\u015fmanl\u0131k hizmetlerimiz, \u015eirketimiz \u00e7al\u0131\u015fanlar\u0131na yap\u0131lan yaz\u0131l\u0131\/dijital ba\u015fvurular, internet sitemiz, telefon numaralar\u0131m\u0131z\u0131n aranmas\u0131, sosyal medya, SMS kanallar\u0131 ve sair s\u00f6zl\u00fc, yaz\u0131l\u0131 veya elektronik ortamda, otomatik ya da otomatik olmayan y\u00f6ntemlerle ve \u015eirketimiz \u2018in sizler ile ileti\u015fime ge\u00e7ti\u011fi veya ileride ileti\u015fime ge\u00e7ebilece\u011fi sair kanallar vas\u0131tas\u0131yla temin edilerek faaliyetlerimizi y\u00fcr\u00fctmek, sizlerle aram\u0131zdaki s\u00f6zle\u015f mesel ve kanuni y\u00fck\u00fcml\u00fcl\u00fcklerimizi yerine getirmek ama\u00e7lar\u0131yla elde edilmekte ve elde edilen ki\u015fisel veriler ilgili Mevzuatlar uyar\u0131nca yasal s\u00fcreler i\u00e7erisinde saklanmaktad\u0131r.<\/p>\n<p><b>3.5. Ki\u015fisel Veri Sahibinin KVK Kanunu\u2019nun 11. Maddesinde Say\u0131lan Haklar\u0131<\/b><b><\/b><\/p>\n<p>Ki\u015fisel veri sahipleri olarak, haklar\u0131n\u0131za ili\u015fkin taleplerinizi, i\u015fbu Ayd\u0131nlatma Metninde a\u015fa\u011f\u0131da d\u00fczenlenen y\u00f6ntemlerle \u015eirketimize iletmeniz durumunda \u015eirketimiz talebinizin niteli\u011fine g\u00f6re talebi en ge\u00e7 otuz g\u00fcn i\u00e7inde \u00fccretsiz olarak sonu\u00e7land\u0131racakt\u0131r. Ancak, Ki\u015fisel Verileri Koruma Kurulunca bir \u00fccret \u00f6ng\u00f6r\u00fclmesi halinde, \u015eirketimiz taraf\u0131ndan belirlenen tarifedeki \u00fccret al\u0131nacakt\u0131r. Bu kapsamda ki\u015fisel veri sahipleri, K.V.K. Kanunu Madde 11 uyar\u0131nca;<\/p>\n<ul>\n<li>Ki\u015fisel Verilerinin i\u015flenip i\u015flenmedi\u011fini \u00f6\u011frenme,<\/li>\n<li>\u0130\u015flenmi\u015fse buna ili\u015fkin bilgi talep etme,<\/li>\n<li>Ki\u015fisel Verilerinin i\u015flenme amac\u0131n\u0131 ve bunlar\u0131n amac\u0131na uygun kullan\u0131l\u0131p kullan\u0131lmad\u0131\u011f\u0131n\u0131 \u00f6\u011frenme,<\/li>\n<li>Yurt i\u00e7inde veya yurt d\u0131\u015f\u0131nda ki\u015fisel verilerinin aktar\u0131ld\u0131\u011f\u0131 \u00fc\u00e7\u00fcnc\u00fc ki\u015fileri bilme,<\/li>\n<li>Ki\u015fisel verilerinin eksik veya yanl\u0131\u015f i\u015flenmi\u015f olmas\u0131 halinde bunlar\u0131n d\u00fczeltilmesini isteme,<\/li>\n<li>Ama\u00e7, s\u00fcre ve me\u015fruiyet prensipleri d\u00e2hilinde de\u011ferlendirilmek \u00fczere ki\u015fisel verilerinin i\u015flenmesini gerektiren sebeplerin ortadan kalkmas\u0131 halinde silinmesini veya yok edilmesini isteme,<\/li>\n<li>Ki\u015fisel Verilerinin d\u00fczeltilmesi, silinmesi ya da yok edilmesi halinde bu i\u015flemlerin ki\u015fisel verilerin aktar\u0131ld\u0131\u011f\u0131 \u00fc\u00e7\u00fcnc\u00fc ki\u015filere bildirilmesini isteme, i\u015flenen ki\u015fisel verilerinin m\u00fcnhas\u0131ran otomatik sistemler vas\u0131tas\u0131yla analiz edilmesi durumunda aleyhlerine bir sonucun ortaya \u00e7\u0131kmas\u0131 halinde bu sonuca itiraz etme,<\/li>\n<li>Ki\u015fisel Verilerinin kanuna ayk\u0131r\u0131 olarak i\u015flenmesi ve bu sebeple zarara u\u011framalar\u0131 halinde zarar\u0131n giderilmesini talep etme haklar\u0131na sahiptirler.<\/li>\n<\/ul>\n<p>KVK Kanunu\u2019nun 13. maddesinin 1. f\u0131kras\u0131 gere\u011fince, yukar\u0131da belirtilen haklar\u0131n\u0131z\u0131 kullanmak ile ilgili talebinizi, yaz\u0131l\u0131 veya Ki\u015fisel Verileri Koruma Kurulu\u2019nun belirledi\u011fi di\u011fer y\u00f6ntemlerle \u015eirketimize iletebilirsiniz. Ki\u015fisel Verileri Koruma Kurulu, \u015fu a\u015famada herhangi bir y\u00f6ntem belirlemedi\u011fi i\u00e7in, ba\u015fvurunuzu, KVK Kanunu gere\u011fince, yaz\u0131l\u0131 olarak \u015eirketimize iletmeniz gerekmektedir. Bu \u00e7er\u00e7evede \u015eirketimize KVK Kanunu\u2019nun 11. maddesi kapsam\u0131nda yapaca\u011f\u0131n\u0131z ba\u015fvurularda yaz\u0131l\u0131 olarak ba\u015fvurunuzu iletece\u011finiz kanallar ve usuller alt paragrafta<span class=\"Apple-converted-space\">\u00a0 <\/span>a\u00e7\u0131klanmaktad\u0131r:<\/p>\n<p>Yukar\u0131da belirtilen haklar\u0131n\u0131z\u0131 kullanmak i\u00e7in kimli\u011finizi tespit edici gerekli bilgiler ile KVK Kanunu\u2019nun 11. maddesinde belirtilen haklardan kullanmay\u0131 talep etti\u011finiz hakk\u0131n\u0131za y\u00f6nelik a\u00e7\u0131klamalar\u0131n\u0131z\u0131 i\u00e7eren talebinizi; info@ervakum.com adresine g\u00fcvenli e\u2013imzan\u0131z ile g\u00f6nderebilece\u011finiz gibi talebinizi i\u00e7erir \u0131slak imzal\u0131 dilek\u00e7enizi \u015firketimizin merkez adresi olan Maltepe Mahallesi, Fatih \u015eehitleri Sokak, No:6 \u0130\u00e7 Kap\u0131 No: 2 Zeytinburnu \/ \u0130stanbul adresine kimli\u011finizi tespit edici belgeler ile birlikte bizzat ba\u015fvurabilir veya noterlik kanal\u0131yla g\u00f6nderebilirsiniz.<\/p>\n<p>Ki\u015fisel verilerinizin a\u00e7\u0131k r\u0131za ile i\u015flendi\u011fi hallerde s\u00f6z konusu a\u00e7\u0131k r\u0131zan\u0131z\u0131 geri alman\u0131z durumunda s\u00f6z konusu a\u00e7\u0131k r\u0131zaya dayal\u0131 i\u015flemenin gerekli oldu\u011fu \u00fcyelik\/sadakat program\u0131ndan \u00e7\u0131kar\u0131laca\u011f\u0131n\u0131z\u0131 ve s\u00f6z konusu i\u015flemeler sayesinde yararland\u0131\u011f\u0131n\u0131z avantajlardan ilgili tarih itibariyle yararland\u0131r\u0131lamayaca\u011f\u0131n\u0131z\u0131 \u00f6nemle belirtmek isteriz.<\/p>\n","protected":false},"excerpt":{"rendered":"<p>1. G\u0130R\u0130\u015e Ki\u015fisel verilerinizin g\u00fcvenli\u011fi ve\/veya korunmas\u0131 hususu Er Vakum Plastik Form Ve Ambalaj Sanayi Ticaret Limited \u015eirketi olarak \u00f6nceliklerimiz aras\u0131ndad\u0131r. Bu bilin\u00e7le, \u015eirket olarak \u00fcr\u00fcn ve hizmetlerimizden faydalanan ki\u015filer d\u00e2hil, \u015eirket ile ili\u015fkili t\u00fcm \u015fah\u0131slara ait her t\u00fcrl\u00fc ki\u015fisel verilerin 6698 say\u0131l\u0131 Ki\u015fisel Verilerin Korunmas\u0131 Kanunu\u2019na uygun olarak i\u015flenerek, muhafaza edilmesine b\u00fcy\u00fck \u00f6nem vermekteyiz.&hellip;<\/p>\n","protected":false},"author":1,"featured_media":0,"parent":0,"menu_order":0,"comment_status":"closed","ping_status":"closed","template":"","meta":{"footnotes":""},"class_list":["post-5162","page","type-page","status-publish","hentry","entry","no-media"],"_links":{"self":[{"href":"https:\/\/www.ervakum.com\/en\/wp-json\/wp\/v2\/pages\/5162","targetHints":{"allow":["GET"]}}],"collection":[{"href":"https:\/\/www.ervakum.com\/en\/wp-json\/wp\/v2\/pages"}],"about":[{"href":"https:\/\/www.ervakum.com\/en\/wp-json\/wp\/v2\/types\/page"}],"author":[{"embeddable":true,"href":"https:\/\/www.ervakum.com\/en\/wp-json\/wp\/v2\/users\/1"}],"replies":[{"embeddable":true,"href":"https:\/\/www.ervakum.com\/en\/wp-json\/wp\/v2\/comments?post=5162"}],"version-history":[{"count":1,"href":"https:\/\/www.ervakum.com\/en\/wp-json\/wp\/v2\/pages\/5162\/revisions"}],"predecessor-version":[{"id":5163,"href":"https:\/\/www.ervakum.com\/en\/wp-json\/wp\/v2\/pages\/5162\/revisions\/5163"}],"wp:attachment":[{"href":"https:\/\/www.ervakum.com\/en\/wp-json\/wp\/v2\/media?parent=5162"}],"curies":[{"name":"wp","href":"https:\/\/api.w.org\/{rel}","templated":true}]}}