{"id":5165,"date":"2025-04-15T15:56:13","date_gmt":"2025-04-15T15:56:13","guid":{"rendered":"https:\/\/www.ervakum.com\/?page_id=5165"},"modified":"2025-04-15T15:56:13","modified_gmt":"2025-04-15T15:56:13","slug":"zi%cc%87yaretci%cc%87lere-ai%cc%87t-ki%cc%87si%cc%87sel-veri%cc%87leri%cc%87n-islenmesi%cc%87ne-dai%cc%87r-aydinlatma-metni%cc%87","status":"publish","type":"page","link":"https:\/\/www.ervakum.com\/en\/zi%cc%87yaretci%cc%87lere-ai%cc%87t-ki%cc%87si%cc%87sel-veri%cc%87leri%cc%87n-islenmesi%cc%87ne-dai%cc%87r-aydinlatma-metni%cc%87\/","title":{"rendered":"Zi\u0307yaret\u00e7i\u0307lere Ai\u0307t Ki\u0307\u015fi\u0307sel Veri\u0307leri\u0307n \u0130\u015flenmesi\u0307ne Dai\u0307r Ayd\u0131nlatma Metni\u0307"},"content":{"rendered":"<p>\u00d6zel veya resmi nedenlerle ziyaret\u00e7i olarak geldi\u011finiz \u015firket merkezi\/\u015fube veya depolar\u0131nda genel g\u00fcvenlik, i\u015f g\u00fcvenli\u011fi ve i\u015f d\u00fczeninin sa\u011flanmas\u0131 amac\u0131yla, giri\u015f ve \u00e7\u0131k\u0131\u015flar\u0131n\u0131zda ad ve soyad\u0131n\u0131za ili\u015fkin kimlik bilgileriniz ile ileti\u015fim bilgileriniz ve imzan\u0131z al\u0131nmakta, ayr\u0131ca i\u015f yeri i\u00e7erisinde bulunan kamera sistemi vas\u0131tas\u0131yla g\u00f6r\u00fcnt\u00fc kay\u0131tlar\u0131n\u0131z al\u0131nmakta ve kaydedilmektedir. Kay\u0131t alt\u0131na al\u0131nan t\u00fcm ki\u015fisel verileriniz otomatik olarak otuz g\u00fcn i\u00e7inde silinerek yok edilmektedir. Kaydedilen ki\u015fisel verileriniz belirtilen ama\u00e7lar d\u0131\u015f\u0131nda kullan\u0131lmayacakt\u0131r. \u0130stenilen ki\u015fisel verilerinizin amac\u0131na uygun olarak i\u015flenmesine a\u00e7\u0131k r\u0131za vermemeniz halinde \u015firket merkezi\/\u015fube veya depo alan\u0131na ziyaret\u00e7i olarak giri\u015f yapma olana\u011f\u0131ndan faydalanamayacaks\u0131n\u0131z. Ziyaretinizin ger\u00e7ekle\u015fmesi halinde ki\u015fisel verilerinizin kay\u0131t alt\u0131na al\u0131nmas\u0131n\u0131 a\u00e7\u0131k r\u0131za ile kabul etmi\u015f say\u0131lacaks\u0131n\u0131z Kay\u0131t edilen Ki\u015fisel verileriniz ile talebinizin olmas\u0131 halinde \u015firketimizin info@ervakum.com adresine e-imzan\u0131z\u0131 i\u00e7erir mail yoluyla ba\u015fvurarak veya noter yoluyla Maltepe Mahallesi, Fatih \u015eehitleri Sokak, No:6 \u0130\u00e7 Kap\u0131 No: 2 Zeytinburnu\/\u0130stanbul adresine ihbarname g\u00f6ndererek veya kimli\u011finizi belirtecek belge ile \u015firket merkezine gelerek KVKK temsilcisine bizzat ba\u015fvurma hakk\u0131na sahip bulunmaktas\u0131n\u0131z. Talebiniz hakk\u0131nda en ge\u00e7 30 g\u00fcn i\u00e7inde karar verilerek belirtti\u011finiz adresinize tebli\u011f edilecektir.<span class=\"Apple-converted-space\">\u00a0<\/span><\/p>\n","protected":false},"excerpt":{"rendered":"<p>\u00d6zel veya resmi nedenlerle ziyaret\u00e7i olarak geldi\u011finiz \u015firket merkezi\/\u015fube veya depolar\u0131nda genel g\u00fcvenlik, i\u015f g\u00fcvenli\u011fi ve i\u015f d\u00fczeninin sa\u011flanmas\u0131 amac\u0131yla, giri\u015f ve \u00e7\u0131k\u0131\u015flar\u0131n\u0131zda ad ve soyad\u0131n\u0131za ili\u015fkin kimlik bilgileriniz ile ileti\u015fim bilgileriniz ve imzan\u0131z al\u0131nmakta, ayr\u0131ca i\u015f yeri i\u00e7erisinde bulunan kamera sistemi vas\u0131tas\u0131yla g\u00f6r\u00fcnt\u00fc kay\u0131tlar\u0131n\u0131z al\u0131nmakta ve kaydedilmektedir. Kay\u0131t alt\u0131na al\u0131nan t\u00fcm ki\u015fisel verileriniz otomatik&hellip;<\/p>\n","protected":false},"author":1,"featured_media":0,"parent":0,"menu_order":0,"comment_status":"closed","ping_status":"closed","template":"","meta":{"footnotes":""},"class_list":["post-5165","page","type-page","status-publish","hentry","entry","no-media"],"_links":{"self":[{"href":"https:\/\/www.ervakum.com\/en\/wp-json\/wp\/v2\/pages\/5165","targetHints":{"allow":["GET"]}}],"collection":[{"href":"https:\/\/www.ervakum.com\/en\/wp-json\/wp\/v2\/pages"}],"about":[{"href":"https:\/\/www.ervakum.com\/en\/wp-json\/wp\/v2\/types\/page"}],"author":[{"embeddable":true,"href":"https:\/\/www.ervakum.com\/en\/wp-json\/wp\/v2\/users\/1"}],"replies":[{"embeddable":true,"href":"https:\/\/www.ervakum.com\/en\/wp-json\/wp\/v2\/comments?post=5165"}],"version-history":[{"count":1,"href":"https:\/\/www.ervakum.com\/en\/wp-json\/wp\/v2\/pages\/5165\/revisions"}],"predecessor-version":[{"id":5166,"href":"https:\/\/www.ervakum.com\/en\/wp-json\/wp\/v2\/pages\/5165\/revisions\/5166"}],"wp:attachment":[{"href":"https:\/\/www.ervakum.com\/en\/wp-json\/wp\/v2\/media?parent=5165"}],"curies":[{"name":"wp","href":"https:\/\/api.w.org\/{rel}","templated":true}]}}